{"id":309,"date":"2026-02-26T11:17:22","date_gmt":"2026-02-26T14:17:22","guid":{"rendered":"https:\/\/antiquewhite-whale-497298.hostingersite.com\/?page_id=309"},"modified":"2026-02-26T11:59:59","modified_gmt":"2026-02-26T14:59:59","slug":"sobre","status":"publish","type":"page","link":"https:\/\/escolademusicatodosemlouvor.shop\/home\/sobre\/","title":{"rendered":"Sobre"},"content":{"rendered":"\t\t<div data-elementor-type=\"wp-page\" data-elementor-id=\"309\" class=\"elementor elementor-309\" data-elementor-post-type=\"page\">\n\t\t\t\t<div class=\"elementor-element elementor-element-191e99d e-flex e-con-boxed e-con e-parent\" data-id=\"191e99d\" data-element_type=\"container\" data-e-type=\"container\">\n\t\t\t\t\t<div class=\"e-con-inner\">\n\t\t\t\t<div class=\"elementor-element elementor-element-9b322fb elementor-widget elementor-widget-heading\" data-id=\"9b322fb\" data-element_type=\"widget\" data-e-type=\"widget\" data-widget_type=\"heading.default\">\n\t\t\t\t<div class=\"elementor-widget-container\">\n\t\t\t\t\t<h3 class=\"elementor-heading-title elementor-size-default\">Escola de M\u00fasica Todos Em Louvor<\/h3>\t\t\t\t<\/div>\n\t\t\t\t<\/div>\n\t\t\t\t\t<\/div>\n\t\t\t\t<\/div>\n\t\t<div class=\"elementor-element elementor-element-20f3753 e-flex e-con-boxed e-con e-parent\" data-id=\"20f3753\" data-element_type=\"container\" data-e-type=\"container\">\n\t\t\t\t\t<div class=\"e-con-inner\">\n\t\t\t\t<div class=\"elementor-element elementor-element-c125d38 elementor-widget elementor-widget-image\" data-id=\"c125d38\" data-element_type=\"widget\" data-e-type=\"widget\" data-widget_type=\"image.default\">\n\t\t\t\t<div class=\"elementor-widget-container\">\n\t\t\t\t\t\t\t\t\t\t\t\t\t\t\t<img fetchpriority=\"high\" decoding=\"async\" width=\"720\" height=\"400\" src=\"https:\/\/escolademusicatodosemlouvor.shop\/wp-content\/uploads\/2026\/02\/imagens-curso_0014_41737qqaa-1.jpg\" class=\"attachment-large size-large wp-image-276\" alt=\"\" srcset=\"https:\/\/escolademusicatodosemlouvor.shop\/wp-content\/uploads\/2026\/02\/imagens-curso_0014_41737qqaa-1.jpg 720w, https:\/\/escolademusicatodosemlouvor.shop\/wp-content\/uploads\/2026\/02\/imagens-curso_0014_41737qqaa-1-300x167.jpg 300w, https:\/\/escolademusicatodosemlouvor.shop\/wp-content\/uploads\/2026\/02\/imagens-curso_0014_41737qqaa-1-18x10.jpg 18w, https:\/\/escolademusicatodosemlouvor.shop\/wp-content\/uploads\/2026\/02\/imagens-curso_0014_41737qqaa-1-160x90.jpg 160w, https:\/\/escolademusicatodosemlouvor.shop\/wp-content\/uploads\/2026\/02\/imagens-curso_0014_41737qqaa-1-600x333.jpg 600w\" sizes=\"(max-width: 720px) 100vw, 720px\" \/>\t\t\t\t\t\t\t\t\t\t\t\t\t\t\t<\/div>\n\t\t\t\t<\/div>\n\t\t\t\t<div class=\"elementor-element elementor-element-54ec35f elementor-widget elementor-widget-heading\" data-id=\"54ec35f\" data-element_type=\"widget\" data-e-type=\"widget\" data-widget_type=\"heading.default\">\n\t\t\t\t<div class=\"elementor-widget-container\">\n\t\t\t\t\t<p class=\"elementor-heading-title elementor-size-default\">A escola de m\u00fasica Todos em Louvor nasceu com o prop\u00f3sito de transformar vidas atrav\u00e9s do ensino musical.\n\n\nNossa miss\u00e3o \u00e9 oferecer uma educa\u00e7\u00e3o musical acess\u00edvel a todos que desejam aprender, ajudando pessoas de todas as idades a realizarem seus sonhos musicais.\n\nCom uma metodologia diferenciada, especialmente desenvolvida para adultos, capacitamos nossos alunos a se tornarem m\u00fasicos aut\u00f4nomos e independentes em sua pr\u00e1tica musical. Nossas aulas s\u00e3o pensadas para atender desde iniciantes at\u00e9 aqueles que j\u00e1 possuem experi\u00eancia, sempre em um ambiente acolhedor e inspirador para o aprendizado.\n\nAl\u00e9m do ensino t\u00e9cnico, valorizamos o impacto social e espiritual que a m\u00fasica pode gerar. Cada nota aprendida e cada acorde tocado s\u00e3o passos em dire\u00e7\u00e3o ao nosso objetivo maior: formar m\u00fasicos que n\u00e3o apenas dominem um instrumento, mas que toquem cora\u00e7\u00f5es e elevem vidas por meio do louvor.\n\nNosso sonho \u00e9 formar uma orquestra que seja reflexo de talento, dedica\u00e7\u00e3o e empenho. Convidamos voc\u00ea a se juntar a n\u00f3s nessa jornada transformadora, onde a m\u00fasica e o louvor se encontram para transformar vidas.\n\nA fam\u00edlia Todos Em Louvor est\u00e1 esperando  por voc\u00ea!<\/p>\t\t\t\t<\/div>\n\t\t\t\t<\/div>\n\t\t\t\t\t<\/div>\n\t\t\t\t<\/div>\n\t\t<div class=\"elementor-element elementor-element-be80aae e-flex e-con-boxed e-con e-parent\" data-id=\"be80aae\" data-element_type=\"container\" data-e-type=\"container\">\n\t\t\t\t\t<div class=\"e-con-inner\">\n\t\t\t\t\t<\/div>\n\t\t\t\t<\/div>\n\t\t\t\t<\/div>\n\t\t","protected":false},"excerpt":{"rendered":"<p>Escola de M\u00fasica Todos Em Louvor A escola de m\u00fasica Todos em Louvor nasceu com o prop\u00f3sito de<\/p>\n","protected":false},"author":3,"featured_media":0,"parent":0,"menu_order":0,"comment_status":"closed","ping_status":"closed","template":"","meta":{"_tutorstarter_page_metadata":[],"footnotes":""},"class_list":["post-309","page","type-page","status-publish","hentry"],"_hostinger_reach_plugin_has_subscription_block":false,"_hostinger_reach_plugin_is_elementor":false,"_links":{"self":[{"href":"https:\/\/escolademusicatodosemlouvor.shop\/home\/wp-json\/wp\/v2\/pages\/309","targetHints":{"allow":["GET"]}}],"collection":[{"href":"https:\/\/escolademusicatodosemlouvor.shop\/home\/wp-json\/wp\/v2\/pages"}],"about":[{"href":"https:\/\/escolademusicatodosemlouvor.shop\/home\/wp-json\/wp\/v2\/types\/page"}],"author":[{"embeddable":true,"href":"https:\/\/escolademusicatodosemlouvor.shop\/home\/wp-json\/wp\/v2\/users\/3"}],"replies":[{"embeddable":true,"href":"https:\/\/escolademusicatodosemlouvor.shop\/home\/wp-json\/wp\/v2\/comments?post=309"}],"version-history":[{"count":4,"href":"https:\/\/escolademusicatodosemlouvor.shop\/home\/wp-json\/wp\/v2\/pages\/309\/revisions"}],"predecessor-version":[{"id":320,"href":"https:\/\/escolademusicatodosemlouvor.shop\/home\/wp-json\/wp\/v2\/pages\/309\/revisions\/320"}],"wp:attachment":[{"href":"https:\/\/escolademusicatodosemlouvor.shop\/home\/wp-json\/wp\/v2\/media?parent=309"}],"curies":[{"name":"wp","href":"https:\/\/api.w.org\/{rel}","templated":true}]}}