{"id":321,"date":"2026-02-26T14:28:46","date_gmt":"2026-02-26T17:28:46","guid":{"rendered":"https:\/\/escolademusicatodosemlouvor.shop\/?page_id=321"},"modified":"2026-02-26T14:29:32","modified_gmt":"2026-02-26T17:29:32","slug":"rematricula","status":"publish","type":"page","link":"https:\/\/escolademusicatodosemlouvor.shop\/home\/rematricula\/","title":{"rendered":"Rematr\u00edcula"},"content":{"rendered":"\t\t<div data-elementor-type=\"wp-page\" data-elementor-id=\"321\" class=\"elementor elementor-321\" data-elementor-post-type=\"page\">\n\t\t\t\t<div class=\"elementor-element elementor-element-f4a97d7 e-flex e-con-boxed e-con e-parent\" data-id=\"f4a97d7\" data-element_type=\"container\" data-e-type=\"container\">\n\t\t\t\t\t<div class=\"e-con-inner\">\n\t\t\t\t<div class=\"elementor-element elementor-element-6bd6d45 elementor-widget elementor-widget-heading\" data-id=\"6bd6d45\" data-element_type=\"widget\" data-e-type=\"widget\" data-widget_type=\"heading.default\">\n\t\t\t\t<div class=\"elementor-widget-container\">\n\t\t\t\t\t<h2 class=\"elementor-heading-title elementor-size-default\">Rematr\u00edcula - Semestre 2026.1<\/h2>\t\t\t\t<\/div>\n\t\t\t\t<\/div>\n\t\t\t\t\t<\/div>\n\t\t\t\t<\/div>\n\t\t<div class=\"elementor-element elementor-element-20533c8 e-flex e-con-boxed e-con e-parent\" data-id=\"20533c8\" data-element_type=\"container\" data-e-type=\"container\">\n\t\t\t\t\t<div class=\"e-con-inner\">\n\t\t\t\t<div class=\"elementor-element elementor-element-0981daa elementor-widget elementor-widget-heading\" data-id=\"0981daa\" data-element_type=\"widget\" data-e-type=\"widget\" data-widget_type=\"heading.default\">\n\t\t\t\t<div class=\"elementor-widget-container\">\n\t\t\t\t\t<p class=\"elementor-heading-title elementor-size-default\">OBSERVA\u00c7\u00c3O IMPORTANTE: Este link \u00e9 apenas para aqueles que j\u00e1 s\u00e3o alunos da Escola de M\u00fasica Todos em Louvor e que conclu\u00edram o semestre de 2026.1. Para os demais, deve ser acessado o link de Matr\u00edcula.\n \n\nIn\u00edcio das Aulas:\n21\/ 02\/2026 (21 de Fevereiro de 2026)\n\nPer\u00edodo de Rematr\u00edcula:\n19\/01 a 01\/02\/2026\n\nHor\u00e1rios das Aulas:\nAos S\u00e1bados \u2013 15:00 \u00e0s 17:00\n\nLocal das Aulas:\nCol\u00e9gio Carpe Diem\n\nRua Macap\u00e1, 158\u00aa \u2013 Ondina\n\nSobre o Regimento Interno:\nA Escola de M\u00fasica Todos em Louvor tem um REGIMENTO INTERNO com todas regras e orienta\u00e7\u00f5es. O regimento estar\u00e1 dispon\u00edvel para leitura na p\u00e1gina de rematr\u00edcula.\n\nCusto \/ Investimento:\nA rematr\u00edcula na Escola de M\u00fasica Todos em Louvor tem um custo de R$ 15,00. Al\u00e9m disso, todos os meses solicitamos uma contribui\u00e7\u00e3o de R$15,00 que deve ser paga at\u00e9 o dia 05 de cada m\u00eas. O pagamento \u00e9 feito via chave Pix.\n\nAp\u00f3s a Rematr\u00edcula:\nAp\u00f3s encerrado o per\u00edodo de matr\u00edcula ser\u00e3o processadas todas as informa\u00e7\u00f5es e os alunos ser\u00e3o inclu\u00eddos no grupo de WhatsApp de Alunos da Escola e tamb\u00e9m no grupo relativo a sua turma (conforme curso escolhido). Nesses grupos ser\u00e3o passadas todas as informa\u00e7\u00f5es posteriores.\n\nSobre as Faltas:\nO aluno que tiver mais de 3 (tr\u00eas) faltas, consecutivas ou n\u00e3o, ao longo do semestre ser\u00e1 automaticamente considerado DESISTENTE da Escola de M\u00fasica Todos em Louvor. Consequentemente ser\u00e1 removido do Grupo de WhatsApp da turma correspondente.\n\nQualquer d\u00favida, estamos \u00e0 disposi\u00e7\u00e3o no WhatsApp (71)99418-0600 (apenas mensagens).       \n  \n\n\nPara fazer sua rematr\u00edcula, clique no bot\u00e3o abaixo<\/p>\t\t\t\t<\/div>\n\t\t\t\t<\/div>\n\t\t\t\t\t<\/div>\n\t\t\t\t<\/div>\n\t\t<div class=\"elementor-element elementor-element-43477c9 e-flex e-con-boxed e-con e-parent\" data-id=\"43477c9\" data-element_type=\"container\" data-e-type=\"container\">\n\t\t\t\t\t<div class=\"e-con-inner\">\n\t\t\t\t<div class=\"elementor-element elementor-element-fde972a elementor-align-center elementor-widget elementor-widget-button\" data-id=\"fde972a\" data-element_type=\"widget\" data-e-type=\"widget\" data-widget_type=\"button.default\">\n\t\t\t\t<div class=\"elementor-widget-container\">\n\t\t\t\t\t\t\t\t\t<div class=\"elementor-button-wrapper\">\n\t\t\t\t\t<a class=\"elementor-button elementor-button-link elementor-size-sm\" href=\"https:\/\/docs.google.com\/forms\/d\/e\/1FAIpQLSf4oGVIM2Du92kzDw-y5w0lMpoSC4Fam9F7HCv9R5xUq64wdQ\/viewform\">\n\t\t\t\t\t\t<span class=\"elementor-button-content-wrapper\">\n\t\t\t\t\t\t\t\t\t<span class=\"elementor-button-text\">Quero fazer minha Rematr\u00edcula<\/span>\n\t\t\t\t\t<\/span>\n\t\t\t\t\t<\/a>\n\t\t\t\t<\/div>\n\t\t\t\t\t\t\t\t<\/div>\n\t\t\t\t<\/div>\n\t\t\t\t\t<\/div>\n\t\t\t\t<\/div>\n\t\t\t\t<\/div>\n\t\t","protected":false},"excerpt":{"rendered":"<p>Rematr\u00edcula &#8211; Semestre 2026.1 OBSERVA\u00c7\u00c3O IMPORTANTE: Este link \u00e9 apenas para aqueles que j\u00e1 s\u00e3o alunos da Escola<\/p>\n","protected":false},"author":3,"featured_media":0,"parent":0,"menu_order":0,"comment_status":"closed","ping_status":"closed","template":"","meta":{"_tutorstarter_page_metadata":[],"footnotes":""},"class_list":["post-321","page","type-page","status-publish","hentry"],"_hostinger_reach_plugin_has_subscription_block":false,"_hostinger_reach_plugin_is_elementor":false,"_links":{"self":[{"href":"https:\/\/escolademusicatodosemlouvor.shop\/home\/wp-json\/wp\/v2\/pages\/321","targetHints":{"allow":["GET"]}}],"collection":[{"href":"https:\/\/escolademusicatodosemlouvor.shop\/home\/wp-json\/wp\/v2\/pages"}],"about":[{"href":"https:\/\/escolademusicatodosemlouvor.shop\/home\/wp-json\/wp\/v2\/types\/page"}],"author":[{"embeddable":true,"href":"https:\/\/escolademusicatodosemlouvor.shop\/home\/wp-json\/wp\/v2\/users\/3"}],"replies":[{"embeddable":true,"href":"https:\/\/escolademusicatodosemlouvor.shop\/home\/wp-json\/wp\/v2\/comments?post=321"}],"version-history":[{"count":4,"href":"https:\/\/escolademusicatodosemlouvor.shop\/home\/wp-json\/wp\/v2\/pages\/321\/revisions"}],"predecessor-version":[{"id":325,"href":"https:\/\/escolademusicatodosemlouvor.shop\/home\/wp-json\/wp\/v2\/pages\/321\/revisions\/325"}],"wp:attachment":[{"href":"https:\/\/escolademusicatodosemlouvor.shop\/home\/wp-json\/wp\/v2\/media?parent=321"}],"curies":[{"name":"wp","href":"https:\/\/api.w.org\/{rel}","templated":true}]}}