{"id":326,"date":"2026-02-26T14:38:38","date_gmt":"2026-02-26T17:38:38","guid":{"rendered":"https:\/\/escolademusicatodosemlouvor.shop\/?page_id=326"},"modified":"2026-02-26T14:41:56","modified_gmt":"2026-02-26T17:41:56","slug":"matricula-de-alunos-novos","status":"publish","type":"page","link":"https:\/\/escolademusicatodosemlouvor.shop\/home\/matricula-de-alunos-novos\/","title":{"rendered":"Matr\u00edcula de Alunos Novos"},"content":{"rendered":"\t\t<div data-elementor-type=\"wp-page\" data-elementor-id=\"326\" class=\"elementor elementor-326\" data-elementor-post-type=\"page\">\n\t\t\t\t<div class=\"elementor-element elementor-element-3c446a6 e-flex e-con-boxed e-con e-parent\" data-id=\"3c446a6\" data-element_type=\"container\" data-e-type=\"container\">\n\t\t\t\t\t<div class=\"e-con-inner\">\n\t\t\t\t<div class=\"elementor-element elementor-element-6924f77 elementor-widget elementor-widget-heading\" data-id=\"6924f77\" data-element_type=\"widget\" data-e-type=\"widget\" data-widget_type=\"heading.default\">\n\t\t\t\t<div class=\"elementor-widget-container\">\n\t\t\t\t\t<h2 class=\"elementor-heading-title elementor-size-default\">Matr\u00edcula de Alunos Novos<\/h2>\t\t\t\t<\/div>\n\t\t\t\t<\/div>\n\t\t\t\t\t<\/div>\n\t\t\t\t<\/div>\n\t\t<div class=\"elementor-element elementor-element-b074847 e-flex e-con-boxed e-con e-parent\" data-id=\"b074847\" data-element_type=\"container\" data-e-type=\"container\">\n\t\t\t\t\t<div class=\"e-con-inner\">\n\t\t\t\t<div class=\"elementor-element elementor-element-207010d elementor-widget elementor-widget-text-editor\" data-id=\"207010d\" data-element_type=\"widget\" data-e-type=\"widget\" data-widget_type=\"text-editor.default\">\n\t\t\t\t<div class=\"elementor-widget-container\">\n\t\t\t\t\t\t\t\t\t<h3><strong>In\u00edcio das Aulas:<\/strong><\/h3><p>21\/ 02\/2026 (21 de Fevereiro de 2026)<\/p><h3><strong>Per\u00edodo de Matr\u00edcula:<\/strong><\/h3><p>19\/01 a 01\/02\/2026 ou at\u00e9 preenchimento total das vagas<\/p><h3><strong>Instrumentos<\/strong><\/h3><p>Canto Coral (a partir de 15 anos) \u2013 20 vagas<\/p><p>Violino Infantil (4 anos a 14 anos) \u2013 5 vagas<\/p><p>Violino Adulto (A partir de 15 anos) \u2013 8 vagas<\/p><p>Viol\u00e3o Adulto (A partir de 15 anos) \u2013 5 vagas<\/p><h3><strong>Hor\u00e1rios das Aulas:<\/strong><\/h3><p>Aos S\u00e1bados \u2013 15:00 \u00e0s 17:00<\/p><h3><strong>Local das Aulas:<\/strong><\/h3><p>Col\u00e9gio Carpe Diem<\/p><p>Rua Macap\u00e1, 158\u00aa \u2013 Ondina<\/p><h3><strong>Sobre o Regimento Interno:<\/strong><\/h3><p>A Escola de M\u00fasica Todos em Louvor tem um REGIMENTO INTERNO com todas regras e orienta\u00e7\u00f5es. O regimento estar\u00e1 dispon\u00edvel para leitura na p\u00e1gina de matr\u00edcula.<\/p><h3><strong>Custo \/ Investimento:<\/strong><\/h3><p>A matr\u00edcula na Escola de M\u00fasica Todos em Louvor tem um custo de R$ 15,00. Al\u00e9m disso, todos os meses solicitamos uma contribui\u00e7\u00e3o de R$15,00 que deve ser paga at\u00e9 o dia 05 de cada m\u00eas. O pagamento \u00e9 feito via chave Pix.<\/p><h3><strong>Ap\u00f3s a Matr\u00edcula:<\/strong><\/h3><p>Ap\u00f3s encerrado o per\u00edodo de matr\u00edcula ser\u00e3o processadas todas as informa\u00e7\u00f5es e os alunos ser\u00e3o inclu\u00eddos no grupo de WhatsApp de Alunos da Escola e tamb\u00e9m no grupo relativo a sua turma (conforme curso escolhido). Nesses grupos ser\u00e3o passadas todas as informa\u00e7\u00f5es posteriores.<\/p><h3><strong>Sobre as Faltas:<\/strong><\/h3><p>O aluno que tiver mais de 3 (tr\u00eas) faltas, consecutivas ou n\u00e3o, ao longo do semestre ser\u00e1 automaticamente considerado DESISTENTE da Escola de M\u00fasica Todos em Louvor. Consequentemente ser\u00e1 removido do Grupo de WhatsApp da turma correspondente.<\/p><p>Qualquer d\u00favida, estamos \u00e0 disposi\u00e7\u00e3o no\u00a0<strong>WhatsApp\u00a0(71)99418-0600\u00a0(apenas mensagens).<\/strong><\/p><p>Para fazer sua matr\u00edcula, clique no bot\u00e3o abaixo.<\/p>\t\t\t\t\t\t\t\t<\/div>\n\t\t\t\t<\/div>\n\t\t\t\t\t<\/div>\n\t\t\t\t<\/div>\n\t\t<div class=\"elementor-element elementor-element-165f606 e-flex e-con-boxed e-con e-parent\" data-id=\"165f606\" data-element_type=\"container\" data-e-type=\"container\">\n\t\t\t\t\t<div class=\"e-con-inner\">\n\t\t\t\t<div class=\"elementor-element elementor-element-22947f2 elementor-align-center elementor-widget elementor-widget-button\" data-id=\"22947f2\" data-element_type=\"widget\" data-e-type=\"widget\" data-widget_type=\"button.default\">\n\t\t\t\t<div class=\"elementor-widget-container\">\n\t\t\t\t\t\t\t\t\t<div class=\"elementor-button-wrapper\">\n\t\t\t\t\t<a class=\"elementor-button elementor-button-link elementor-size-sm\" href=\"https:\/\/docs.google.com\/forms\/d\/e\/1FAIpQLSf4oGVIM2Du92kzDw-y5w0lMpoSC4Fam9F7HCv9R5xUq64wdQ\/viewform\" target=\"_blank\">\n\t\t\t\t\t\t<span class=\"elementor-button-content-wrapper\">\n\t\t\t\t\t\t\t\t\t<span class=\"elementor-button-text\">Quero Fazer minha Matr\u00edcula<\/span>\n\t\t\t\t\t<\/span>\n\t\t\t\t\t<\/a>\n\t\t\t\t<\/div>\n\t\t\t\t\t\t\t\t<\/div>\n\t\t\t\t<\/div>\n\t\t\t\t\t<\/div>\n\t\t\t\t<\/div>\n\t\t\t\t<\/div>\n\t\t","protected":false},"excerpt":{"rendered":"<p>Matr\u00edcula de Alunos Novos In\u00edcio das Aulas: 21\/ 02\/2026 (21 de Fevereiro de 2026) Per\u00edodo de Matr\u00edcula: 19\/01<\/p>\n","protected":false},"author":3,"featured_media":0,"parent":0,"menu_order":0,"comment_status":"closed","ping_status":"closed","template":"","meta":{"_tutorstarter_page_metadata":[],"footnotes":""},"class_list":["post-326","page","type-page","status-publish","hentry"],"_hostinger_reach_plugin_has_subscription_block":false,"_hostinger_reach_plugin_is_elementor":false,"_links":{"self":[{"href":"https:\/\/escolademusicatodosemlouvor.shop\/home\/wp-json\/wp\/v2\/pages\/326","targetHints":{"allow":["GET"]}}],"collection":[{"href":"https:\/\/escolademusicatodosemlouvor.shop\/home\/wp-json\/wp\/v2\/pages"}],"about":[{"href":"https:\/\/escolademusicatodosemlouvor.shop\/home\/wp-json\/wp\/v2\/types\/page"}],"author":[{"embeddable":true,"href":"https:\/\/escolademusicatodosemlouvor.shop\/home\/wp-json\/wp\/v2\/users\/3"}],"replies":[{"embeddable":true,"href":"https:\/\/escolademusicatodosemlouvor.shop\/home\/wp-json\/wp\/v2\/comments?post=326"}],"version-history":[{"count":4,"href":"https:\/\/escolademusicatodosemlouvor.shop\/home\/wp-json\/wp\/v2\/pages\/326\/revisions"}],"predecessor-version":[{"id":330,"href":"https:\/\/escolademusicatodosemlouvor.shop\/home\/wp-json\/wp\/v2\/pages\/326\/revisions\/330"}],"wp:attachment":[{"href":"https:\/\/escolademusicatodosemlouvor.shop\/home\/wp-json\/wp\/v2\/media?parent=326"}],"curies":[{"name":"wp","href":"https:\/\/api.w.org\/{rel}","templated":true}]}}