{"id":331,"date":"2026-02-26T14:42:37","date_gmt":"2026-02-26T17:42:37","guid":{"rendered":"https:\/\/escolademusicatodosemlouvor.shop\/?page_id=331"},"modified":"2026-02-26T14:47:46","modified_gmt":"2026-02-26T17:47:46","slug":"audicao-da-orquestra-semestre-2026-1","status":"publish","type":"page","link":"https:\/\/escolademusicatodosemlouvor.shop\/home\/audicao-da-orquestra-semestre-2026-1\/","title":{"rendered":"Audi\u00e7\u00e3o da Orquestra \u2013 Semestre 2026.1"},"content":{"rendered":"\t\t<div data-elementor-type=\"wp-page\" data-elementor-id=\"331\" class=\"elementor elementor-331\" data-elementor-post-type=\"page\">\n\t\t\t\t<div class=\"elementor-element elementor-element-6b3df6f e-flex e-con-boxed e-con e-parent\" data-id=\"6b3df6f\" data-element_type=\"container\" data-e-type=\"container\">\n\t\t\t\t\t<div class=\"e-con-inner\">\n\t\t\t\t<div class=\"elementor-element elementor-element-adbeb34 elementor-widget elementor-widget-heading\" data-id=\"adbeb34\" data-element_type=\"widget\" data-e-type=\"widget\" data-widget_type=\"heading.default\">\n\t\t\t\t<div class=\"elementor-widget-container\">\n\t\t\t\t\t<h2 class=\"elementor-heading-title elementor-size-default\">Audi\u00e7\u00e3o da Orquestra \u2013 Semestre 2026.1<\/h2>\t\t\t\t<\/div>\n\t\t\t\t<\/div>\n\t\t\t\t\t<\/div>\n\t\t\t\t<\/div>\n\t\t<div class=\"elementor-element elementor-element-6b964ae e-flex e-con-boxed e-con e-parent\" data-id=\"6b964ae\" data-element_type=\"container\" data-e-type=\"container\">\n\t\t\t\t\t<div class=\"e-con-inner\">\n\t\t\t\t<div class=\"elementor-element elementor-element-88e5393 elementor-widget elementor-widget-text-editor\" data-id=\"88e5393\" data-element_type=\"widget\" data-e-type=\"widget\" data-widget_type=\"text-editor.default\">\n\t\t\t\t<div class=\"elementor-widget-container\">\n\t\t\t\t\t\t\t\t\t<h4><strong>Per\u00edodo de Inscri\u00e7\u00e3o:<\/strong><\/h4><p>19\/01\/2026 a 01\/02\/2026<\/p><p><strong>\u00a0<\/strong><strong>Data e Hor\u00e1rio da Audi\u00e7\u00e3o:<\/strong><\/p><p>21\/02\/2026 \u2013 17 horas<\/p><h4><strong>In\u00edcio dos Ensaios<\/strong><\/h4><p>28\/02\/2026<\/p><h4><strong>Hor\u00e1rio dos Ensaios:<\/strong><\/h4><p>Aos S\u00e1bados \u2013 17:00 horas.<\/p><h4><strong>Vagas \u2013 Instrumentos<\/strong><\/h4><p>Flauta Transversal<\/p><p>Violino<\/p><p>Violoncelo<\/p><p>Piano<\/p><h4><strong>Local dos Ensaios:<\/strong><\/h4><p>Col\u00e9gio Carpe Diem<\/p><p>Rua Macap\u00e1, 158\u00aa \u2013 Ondina<\/p><h4><strong>Custo \/ Investimento:<\/strong><\/h4><p>O teste para ingresso na orquestra da Escola de M\u00fasica Todos em Louvor tem um custo de R$ 15,00. Al\u00e9m disso, todos os meses solicitamos uma contribui\u00e7\u00e3o de R$15,00 que deve ser paga at\u00e9 o dia 05 de cada m\u00eas. Chave PIX:\u00a0todosemlouvor@gmail.com.<\/p><h4><strong>Sobre as Faltas:<\/strong><\/h4><p>O integrante da orquestra que tiver mais de 3 (tr\u00eas) faltas, consecutivas ou n\u00e3o, ao longo do semestre ser\u00e1 automaticamente considerado DESISTENTE da Orquestra da Escola de M\u00fasica Todos em Louvor. Consequentemente ser\u00e1 removido do Grupo de WhatsApp.<\/p><h3><strong>Partituras Para Audi\u00e7\u00e3o<\/strong><\/h3><h5>O candidato dever\u00e1 escolher\u00a0<strong>uma<\/strong>\u00a0das pe\u00e7as correspondente ao seu instrumento. Os links com as partituras de cada instrumento est\u00e3o disponibilizados abaixo:<\/h5><h4>Flauta Doce<\/h4><p>Greensleeves \u2013 Tradicional<br \/>Gavotte \u2013 Handel<br \/>Sonata em L\u00e1 Menor \u2013 Telemann<br \/>Concerto para Flauta Doce em F\u00e1 \u2013 Sammartini<br \/>Link das Partituras:\u00a0<a href=\"https:\/\/drive.google.com\/drive\/folders\/1p_14yTRO6jj6_ZrMQLeyS9KSRJGOxKcd?usp=drive_link\" target=\"_blank\" rel=\"noopener\">https:\/\/drive.google.com\/drive\/folders\/1p_14yTRO6jj6_ZrMQLeyS9KSRJGOxKcd?usp=drive_link<\/a><\/p><h4>Flauta Transversal<\/h4><p>Minueto em Sol Maior \u2013 J.S. Bach<br \/>Morning Mood \u2013 Edvard Grieg<br \/>Sonata em F\u00e1 Maior \u2013 Telemann<br \/>Syrinx \u2013 Debussy<br \/>Link das Partituras:\u00a0<a href=\"https:\/\/drive.google.com\/drive\/folders\/1kZwWDxwiFJK4krtTxZf0Q5YeVlx9Qex6?usp=drive_link\" target=\"_blank\" rel=\"noopener\">https:\/\/drive.google.com\/drive\/folders\/1kZwWDxwiFJK4krtTxZf0Q5YeVlx9Qex6?usp=drive_link<\/a><\/p><h4>Piano<\/h4><p>Arabesque \u2013 Burgm\u00fcller<br \/>Sonatina Op. 36 n\u00ba 1 \u2013 Clementi<br \/>Sonata Op. 49 n\u00ba 1 \u2013 Beethoven<br \/>Pequenos Prel\u00fadios \u2013 J.S. Bach<br \/>Link das Partituras:\u00a0<a href=\"https:\/\/drive.google.com\/drive\/folders\/1pZ9COxOORd0HbCKtr9JGCdO_N4OUTNdu?usp=drive_link\" target=\"_blank\" rel=\"noopener\">https:\/\/drive.google.com\/drive\/folders\/1pZ9COxOORd0HbCKtr9JGCdO_N4OUTNdu?usp=drive_link<\/a><\/p><h4>Violino<\/h4><p>Minueto 1 \u2013 J.S. Bach<br \/>Minueto 2 \u2013 J.S. Bach<br \/>Gavotte \u2013 Gossec<br \/>Concerto em La menor \u2013 Vivaldi<br \/>Meditation \u2013 Massenet<br \/>Link das Partituras:\u00a0<a href=\"https:\/\/drive.google.com\/drive\/folders\/18qkw22VhqRJ4EXiMHm9z0mEdMH6VtAye?usp=drive_link\" target=\"_blank\" rel=\"noopener\">https:\/\/drive.google.com\/drive\/folders\/18qkw22VhqRJ4EXiMHm9z0mEdMH6VtAye?usp=drive_link<\/a><\/p><h4>Violoncelo<\/h4><p>Canon in D \u2013 Pachelbel<br \/>Sarabanda \u2013 Handel<br \/>Bourr\u00e9e n\u00ba 1 \u2013 J.S. Bach<br \/>Link das Partituras:\u00a0<a href=\"https:\/\/drive.google.com\/drive\/folders\/1L_9vIN1KJDGXYGgFpNmCxjtiPBbwrW7T?usp=drive_link\" target=\"_blank\" rel=\"noopener\">https:\/\/drive.google.com\/drive\/folders\/1L_9vIN1KJDGXYGgFpNmCxjtiPBbwrW7T?usp=drive_link<\/a><\/p><p>Qualquer d\u00favida, estamos \u00e0 disposi\u00e7\u00e3o no\u00a0<strong>WhatsApp\u00a0(71)99418-0600<\/strong>\u00a0(<strong>apenas mensagens<\/strong>).<\/p><p>Para fazer sua inscri\u00e7\u00e3o, clique no bot\u00e3o abaixo.<\/p>\t\t\t\t\t\t\t\t<\/div>\n\t\t\t\t<\/div>\n\t\t\t\t\t<\/div>\n\t\t\t\t<\/div>\n\t\t<div class=\"elementor-element elementor-element-ba77336 e-flex e-con-boxed e-con e-parent\" data-id=\"ba77336\" data-element_type=\"container\" data-e-type=\"container\">\n\t\t\t\t\t<div class=\"e-con-inner\">\n\t\t\t\t<div class=\"elementor-element elementor-element-fa8de83 elementor-align-center elementor-widget elementor-widget-button\" data-id=\"fa8de83\" data-element_type=\"widget\" data-e-type=\"widget\" data-widget_type=\"button.default\">\n\t\t\t\t<div class=\"elementor-widget-container\">\n\t\t\t\t\t\t\t\t\t<div class=\"elementor-button-wrapper\">\n\t\t\t\t\t<a class=\"elementor-button elementor-button-link elementor-size-sm\" href=\"https:\/\/docs.google.com\/forms\/d\/e\/1FAIpQLSdx6zxiFQhu_N75PisYPi1ZutTmJQK8NpomweLsLoLC0zlT6w\/closedform\" target=\"_blank\">\n\t\t\t\t\t\t<span class=\"elementor-button-content-wrapper\">\n\t\t\t\t\t\t\t\t\t<span class=\"elementor-button-text\">Quero me Inscrever<\/span>\n\t\t\t\t\t<\/span>\n\t\t\t\t\t<\/a>\n\t\t\t\t<\/div>\n\t\t\t\t\t\t\t\t<\/div>\n\t\t\t\t<\/div>\n\t\t\t\t\t<\/div>\n\t\t\t\t<\/div>\n\t\t\t\t<\/div>\n\t\t","protected":false},"excerpt":{"rendered":"<p>Audi\u00e7\u00e3o da Orquestra \u2013 Semestre 2026.1 Per\u00edodo de Inscri\u00e7\u00e3o: 19\/01\/2026 a 01\/02\/2026 \u00a0Data e Hor\u00e1rio da Audi\u00e7\u00e3o: 21\/02\/2026<\/p>\n","protected":false},"author":3,"featured_media":0,"parent":0,"menu_order":0,"comment_status":"closed","ping_status":"closed","template":"","meta":{"_tutorstarter_page_metadata":[],"footnotes":""},"class_list":["post-331","page","type-page","status-publish","hentry"],"_hostinger_reach_plugin_has_subscription_block":false,"_hostinger_reach_plugin_is_elementor":false,"_links":{"self":[{"href":"https:\/\/escolademusicatodosemlouvor.shop\/home\/wp-json\/wp\/v2\/pages\/331","targetHints":{"allow":["GET"]}}],"collection":[{"href":"https:\/\/escolademusicatodosemlouvor.shop\/home\/wp-json\/wp\/v2\/pages"}],"about":[{"href":"https:\/\/escolademusicatodosemlouvor.shop\/home\/wp-json\/wp\/v2\/types\/page"}],"author":[{"embeddable":true,"href":"https:\/\/escolademusicatodosemlouvor.shop\/home\/wp-json\/wp\/v2\/users\/3"}],"replies":[{"embeddable":true,"href":"https:\/\/escolademusicatodosemlouvor.shop\/home\/wp-json\/wp\/v2\/comments?post=331"}],"version-history":[{"count":4,"href":"https:\/\/escolademusicatodosemlouvor.shop\/home\/wp-json\/wp\/v2\/pages\/331\/revisions"}],"predecessor-version":[{"id":335,"href":"https:\/\/escolademusicatodosemlouvor.shop\/home\/wp-json\/wp\/v2\/pages\/331\/revisions\/335"}],"wp:attachment":[{"href":"https:\/\/escolademusicatodosemlouvor.shop\/home\/wp-json\/wp\/v2\/media?parent=331"}],"curies":[{"name":"wp","href":"https:\/\/api.w.org\/{rel}","templated":true}]}}